{"id":3274,"date":"2023-04-18T02:10:45","date_gmt":"2023-04-18T02:10:45","guid":{"rendered":"https:\/\/newmexico.doubleupfoodbucks.org\/pagina-principal\/"},"modified":"2023-04-20T18:29:25","modified_gmt":"2023-04-20T18:29:25","slug":"pagina-principal","status":"publish","type":"page","link":"https:\/\/doubleupnm.org\/es\/","title":{"rendered":"P\u00e1gina principal"},"content":{"rendered":"\n<h1>\n\t\tObtenga M\u00e1s Frutas Y Verduras\n\t<\/h1>\n\t\t\t\t<img decoding=\"async\" src=\"https:\/\/newmexico.doubleupfoodbucks.org\/wp-content\/uploads\/sites\/23\/2022\/01\/dufb-texas-lone-star.svg\" alt=\"\" itemprop=\"image\" onerror=\"this.style.display='none'\"  \/>\n\t<p>Use su tarjeta del Programa Asistencial de Nutrici\u00f3n Suplementaria-Programa de Transferencia Electr\u00f3nica de Beneficios (SNAP-EBT, por sus siglas en ingl\u00e9s) en puntos de venta selectos de Nuevo M\u00e9xico para obtener m\u00e1s frutas y verduras con sus Double Up Food Bucks (DUFB, por sus siglas en ingl\u00e9s).<\/p>\n\t\t\t\t<img loading=\"lazy\" decoding=\"async\" src=\"https:\/\/newmexico.doubleupfoodbucks.org\/wp-content\/uploads\/sites\/23\/2020\/10\/arrow_down_white.svg\" alt=\"arrow_down_white\" itemprop=\"image\" height=\"32\" width=\"18\" title=\"arrow_down_white\" onerror=\"this.style.display='none'\"  \/>\n\t\t\t\t<img loading=\"lazy\" decoding=\"async\" src=\"https:\/\/newmexico.doubleupfoodbucks.org\/wp-content\/uploads\/sites\/23\/2020\/11\/wave_bottom2.svg\" alt=\"wave_bottom2\" itemprop=\"image\" height=\"112\" width=\"1367\" title=\"wave_bottom2\" onerror=\"this.style.display='none'\"  \/>\n<h2>\n\t\tDuplique la cantidad de frutas y verduras que usted puede obtener\t\n\t<\/h2>\n\t<p>Cuando usted usa su SNAP-EBT Card, <strong>el programa Double Up duplica cada d\u00f3lar que usted use para comprar frutas y verduras.<\/strong> Eso quiere decir que usted y su familia obtienen m\u00e1s frutas y verduras.<\/p>\n<p>Si usted tiene una SNAP-EBT Card, usted autom\u00e1ticamente es elegible para Double Up Food Bucks. \u00a1Es as\u00ed de f\u00e1cil!\t<\/p>\n\t\t\t<a href=\"https:\/\/newmexico.doubleupfoodbucks.org\/es\/como-funciona-double-up\/\" target=\"_self\" role=\"button\" rel=\"noopener\">\n\t\t\t\t\t\t\tVea C\u00f3mo Funciona\n\t\t\t\t\t<\/a>\n\t\t\t<a href=\"https:\/\/newmexico.doubleupfoodbucks.org\/es\/encuantre-una-ubicacion\/\" target=\"_self\" role=\"button\" rel=\"noopener\">\n\t\t\t\t\t\t\tP\u00e1gina de locales \n\t\t\t<\/a>\n\t\t\t\t<img loading=\"lazy\" decoding=\"async\" src=\"https:\/\/newmexico.doubleupfoodbucks.org\/wp-content\/uploads\/sites\/23\/2020\/11\/wave_top3.svg\" alt=\"wave_top3\" itemprop=\"image\" height=\"166\" width=\"1367\" title=\"wave_top3\" onerror=\"this.style.display='none'\"  \/>\n<h2>\n\t\tDouble Up hace m\u00e1s fuerte a Nuevo M\u00e9xico.\n\t<\/h2>\n\t<p>Una ganancia para los agricultores, familias y comunidades.<\/p>\n\t\t\t\t<img loading=\"lazy\" decoding=\"async\" src=\"https:\/\/newmexico.doubleupfoodbucks.org\/wp-content\/uploads\/sites\/23\/2020\/11\/redpepper.svg\" alt=\"Red pepper\" itemprop=\"image\" height=\"210\" width=\"156\" title=\"redpepper\" onerror=\"this.style.display='none'\"  \/>\n<h3>\n\t\tVer la historia de Sara\n\t<\/h3>\n\t\t<img decoding=\"async\" src=\"https:\/\/newmexico.doubleupfoodbucks.org\/wp-content\/uploads\/sites\/23\/2022\/12\/wWNtkxtl5Vs-1.jpg\" alt=\"A family shopping in the produce section of their grocery store\"\/>\n\t\t\t\t<img loading=\"lazy\" decoding=\"async\" src=\"https:\/\/newmexico.doubleupfoodbucks.org\/wp-content\/uploads\/sites\/23\/2020\/11\/icon_strawberry.svg\" alt=\"icon_strawberry\" itemprop=\"image\" height=\"71\" width=\"51\" title=\"icon_strawberry\" onerror=\"this.style.display='none'\"  \/>\n<h3>\n\t\tVer la historia de Elan\n\t<\/h3>\n\t\t<img decoding=\"async\" src=\"https:\/\/newmexico.doubleupfoodbucks.org\/wp-content\/uploads\/sites\/23\/2022\/12\/jherPlYFplg.jpg\" alt=\"A farmer standing in a field of green crops smiling at the camera\"\/>\n\t\t\t\t<img loading=\"lazy\" decoding=\"async\" src=\"https:\/\/newmexico.doubleupfoodbucks.org\/wp-content\/uploads\/sites\/23\/2020\/11\/lettuce.svg\" alt=\"Lettuce\" itemprop=\"image\" height=\"197\" width=\"201\" title=\"lettuce\" onerror=\"this.style.display='none'\"  \/>\n<h3>\n\t\tVer la historia de Danny\n\t<\/h3>\n\t\t<img decoding=\"async\" src=\"https:\/\/newmexico.doubleupfoodbucks.org\/wp-content\/uploads\/sites\/23\/2022\/12\/macOUQmGVog.jpg\" alt=\"A man in a blue t-shirt standing and looking at the camera\"\/>\n\t\t\t\t<img loading=\"lazy\" decoding=\"async\" src=\"https:\/\/newmexico.doubleupfoodbucks.org\/wp-content\/uploads\/sites\/23\/2020\/11\/brocoli.svg\" alt=\"Brocoli\" itemprop=\"image\" height=\"245\" width=\"197\" title=\"brocoli\" onerror=\"this.style.display='none'\"  \/>\n<h3>\n\t\tVer la historia de Dahlia\n\t<\/h3>\n\t\t<img decoding=\"async\" src=\"https:\/\/newmexico.doubleupfoodbucks.org\/wp-content\/uploads\/sites\/23\/2022\/12\/3hzHXy1Jn00.jpg\" alt=\"Fresh cherries and golden berries at the farmers&#039; market\"\/>\n\t\t\t\t<img loading=\"lazy\" decoding=\"async\" src=\"https:\/\/newmexico.doubleupfoodbucks.org\/wp-content\/uploads\/sites\/23\/2020\/11\/carrot.svg\" alt=\"Carrot\" itemprop=\"image\" height=\"251\" width=\"186\" title=\"carrot\" onerror=\"this.style.display='none'\"  \/>\n<h3>\n\t\tVer la historia de Bill\n\t<\/h3>\n\t\t<img decoding=\"async\" src=\"https:\/\/newmexico.doubleupfoodbucks.org\/wp-content\/uploads\/sites\/23\/2022\/12\/OEy9sdOWKWc.jpg\" alt=\"A woman in a fruit stand smiling and talking with a customer\"\/>\n\t\t\t\t<img loading=\"lazy\" decoding=\"async\" src=\"https:\/\/newmexico.doubleupfoodbucks.org\/wp-content\/uploads\/sites\/23\/2020\/11\/apple.svg\" alt=\"Green apple\" itemprop=\"image\" height=\"200\" width=\"169\" title=\"apple\" onerror=\"this.style.display='none'\"  \/>\n<h3>\n\t\tVer la historia de Ana\n\t<\/h3>\n\t\t<img decoding=\"async\" src=\"https:\/\/newmexico.doubleupfoodbucks.org\/wp-content\/uploads\/sites\/23\/2022\/12\/xE5o-lKiizc.jpg\" alt=\"A woman sitting in a farmers&#039; market talking to a camera\"\/>\n\t\t\t\t<img loading=\"lazy\" decoding=\"async\" src=\"https:\/\/newmexico.doubleupfoodbucks.org\/wp-content\/uploads\/sites\/23\/2020\/11\/watermelon.svg\" alt=\"watermelon\" itemprop=\"image\" height=\"57\" width=\"77\" title=\"watermelon\" onerror=\"this.style.display='none'\"  \/>\n<h3>\n\t\t&#8220;El programa realmente ayuda a mi familia a aprovechar nuestro dinero y nos motiva a comprar m\u00e1s frutas y verduras.&#8221;\n\t<\/h3>\n\t<p>&#8211; Un cliente del Mercado Agr\u00edcola Espa\u00f1ola\u00a0\u00a0<\/p>\n\t\t\t<a href=\"https:\/\/newmexico.doubleupfoodbucks.org\/es\/involucrese\/\" target=\"_self\" role=\"button\" rel=\"noopener\">\n\t\t\t\t\t\t\tINVOL\u00daCRESE\n\t\t\t\t\t<\/a>\n\n","protected":false},"excerpt":{"rendered":"<p>Obtenga M\u00e1s Frutas Y Verduras Use su tarjeta del Programa Asistencial de Nutrici\u00f3n Suplementaria-Programa de Transferencia Electr\u00f3nica de Beneficios (SNAP-EBT, por sus siglas en ingl\u00e9s) en puntos de venta selectos de Nuevo M\u00e9xico para obtener m\u00e1s frutas y verduras con sus Double Up Food Bucks (DUFB, por sus siglas en ingl\u00e9s). Duplique la cantidad de&hellip;<\/p>\n","protected":false},"author":4,"featured_media":7176,"parent":0,"menu_order":0,"comment_status":"closed","ping_status":"closed","template":"","meta":{"_acf_changed":false,"inline_featured_image":false,"footnotes":""},"class_list":["post-3274","page","type-page","status-publish","has-post-thumbnail","hentry"],"acf":[],"yoast_head":"<!-- This site is optimized with the Yoast SEO plugin v27.3 - https:\/\/yoast.com\/product\/yoast-seo-wordpress\/ -->\n<title>Alimentos saludables para Nuevo M\u00e9xico y m\u00e1s negocios para los agricultores locales | DUFB New Mexico<\/title>\n<meta name=\"description\" content=\"Use su tarjeta EBT en todo Nuevo M\u00e9xico para obtener m\u00e1s frutas y verduras con Double Up Food Bucks.\" \/>\n<meta name=\"robots\" content=\"index, follow, max-snippet:-1, max-image-preview:large, max-video-preview:-1\" \/>\n<link rel=\"canonical\" href=\"https:\/\/doubleupnm.org\/es\/\" \/>\n<meta property=\"og:locale\" content=\"es_ES\" \/>\n<meta property=\"og:type\" content=\"article\" \/>\n<meta property=\"og:title\" content=\"Alimentos saludables para Nuevo M\u00e9xico y m\u00e1s negocios para los agricultores locales | DUFB New Mexico\" \/>\n<meta property=\"og:description\" content=\"Use su tarjeta EBT en todo Nuevo M\u00e9xico para obtener m\u00e1s frutas y verduras con Double Up Food Bucks.\" \/>\n<meta property=\"og:url\" content=\"https:\/\/doubleupnm.org\/es\/\" \/>\n<meta property=\"og:site_name\" content=\"Double Up Food Bucks | New Mexico\" \/>\n<meta property=\"article:modified_time\" content=\"2023-04-20T18:29:25+00:00\" \/>\n<meta property=\"og:image\" content=\"https:\/\/doubleupnm.org\/wp-content\/uploads\/sites\/23\/2022\/11\/vicente_home_hero.jpg\" \/>\n\t<meta property=\"og:image:width\" content=\"1600\" \/>\n\t<meta property=\"og:image:height\" content=\"1000\" \/>\n\t<meta property=\"og:image:type\" content=\"image\/jpeg\" \/>\n<meta name=\"twitter:card\" content=\"summary_large_image\" \/>\n<meta name=\"twitter:label1\" content=\"Tiempo de lectura\" \/>\n\t<meta name=\"twitter:data1\" content=\"1 minuto\" \/>\n<script type=\"application\/ld+json\" class=\"yoast-schema-graph\">{\"@context\":\"https:\\\/\\\/schema.org\",\"@graph\":[{\"@type\":\"WebPage\",\"@id\":\"https:\\\/\\\/doubleupnm.org\\\/es\\\/\",\"url\":\"https:\\\/\\\/doubleupnm.org\\\/es\\\/\",\"name\":\"Alimentos saludables para Nuevo M\u00e9xico y m\u00e1s negocios para los agricultores locales | DUFB New Mexico\",\"isPartOf\":{\"@id\":\"https:\\\/\\\/doubleupnm.org\\\/es\\\/#website\"},\"primaryImageOfPage\":{\"@id\":\"https:\\\/\\\/doubleupnm.org\\\/es\\\/#primaryimage\"},\"image\":{\"@id\":\"https:\\\/\\\/doubleupnm.org\\\/es\\\/#primaryimage\"},\"thumbnailUrl\":\"https:\\\/\\\/doubleupnm.org\\\/wp-content\\\/uploads\\\/sites\\\/23\\\/2024\\\/08\\\/Double-Up-Food-Bucks-NEW-MEXICO-logo-IN-CIRCLE.png\",\"datePublished\":\"2023-04-18T02:10:45+00:00\",\"dateModified\":\"2023-04-20T18:29:25+00:00\",\"description\":\"Use su tarjeta EBT en todo Nuevo M\u00e9xico para obtener m\u00e1s frutas y verduras con Double Up Food Bucks.\",\"breadcrumb\":{\"@id\":\"https:\\\/\\\/doubleupnm.org\\\/es\\\/#breadcrumb\"},\"inLanguage\":\"es\",\"potentialAction\":[{\"@type\":\"ReadAction\",\"target\":[\"https:\\\/\\\/doubleupnm.org\\\/es\\\/\"]}]},{\"@type\":\"ImageObject\",\"inLanguage\":\"es\",\"@id\":\"https:\\\/\\\/doubleupnm.org\\\/es\\\/#primaryimage\",\"url\":\"https:\\\/\\\/doubleupnm.org\\\/wp-content\\\/uploads\\\/sites\\\/23\\\/2024\\\/08\\\/Double-Up-Food-Bucks-NEW-MEXICO-logo-IN-CIRCLE.png\",\"contentUrl\":\"https:\\\/\\\/doubleupnm.org\\\/wp-content\\\/uploads\\\/sites\\\/23\\\/2024\\\/08\\\/Double-Up-Food-Bucks-NEW-MEXICO-logo-IN-CIRCLE.png\",\"width\":624,\"height\":624,\"caption\":\"Double Up Food Bucks New Mexico logo\"},{\"@type\":\"BreadcrumbList\",\"@id\":\"https:\\\/\\\/doubleupnm.org\\\/es\\\/#breadcrumb\",\"itemListElement\":[{\"@type\":\"ListItem\",\"position\":1,\"name\":\"Home\",\"item\":\"https:\\\/\\\/doubleupnm.org\\\/es\\\/\"},{\"@type\":\"ListItem\",\"position\":2,\"name\":\"P\u00e1gina principal\"}]},{\"@type\":\"WebSite\",\"@id\":\"https:\\\/\\\/doubleupnm.org\\\/es\\\/#website\",\"url\":\"https:\\\/\\\/doubleupnm.org\\\/es\\\/\",\"name\":\"Double Up Food Bucks | New Mexico\",\"description\":\"Get FREE fruits &amp; veggies with Double Up Food Bucks\",\"potentialAction\":[{\"@type\":\"SearchAction\",\"target\":{\"@type\":\"EntryPoint\",\"urlTemplate\":\"https:\\\/\\\/doubleupnm.org\\\/es\\\/?s={search_term_string}\"},\"query-input\":{\"@type\":\"PropertyValueSpecification\",\"valueRequired\":true,\"valueName\":\"search_term_string\"}}],\"inLanguage\":\"es\"}]}<\/script>\n<!-- \/ Yoast SEO plugin. -->","yoast_head_json":{"title":"Alimentos saludables para Nuevo M\u00e9xico y m\u00e1s negocios para los agricultores locales | DUFB New Mexico","description":"Use su tarjeta EBT en todo Nuevo M\u00e9xico para obtener m\u00e1s frutas y verduras con Double Up Food Bucks.","robots":{"index":"index","follow":"follow","max-snippet":"max-snippet:-1","max-image-preview":"max-image-preview:large","max-video-preview":"max-video-preview:-1"},"canonical":"https:\/\/doubleupnm.org\/es\/","og_locale":"es_ES","og_type":"article","og_title":"Alimentos saludables para Nuevo M\u00e9xico y m\u00e1s negocios para los agricultores locales | DUFB New Mexico","og_description":"Use su tarjeta EBT en todo Nuevo M\u00e9xico para obtener m\u00e1s frutas y verduras con Double Up Food Bucks.","og_url":"https:\/\/doubleupnm.org\/es\/","og_site_name":"Double Up Food Bucks | New Mexico","article_modified_time":"2023-04-20T18:29:25+00:00","og_image":[{"width":1600,"height":1000,"url":"https:\/\/doubleupnm.org\/wp-content\/uploads\/sites\/23\/2022\/11\/vicente_home_hero.jpg","type":"image\/jpeg"}],"twitter_card":"summary_large_image","twitter_misc":{"Tiempo de lectura":"1 minuto"},"schema":{"@context":"https:\/\/schema.org","@graph":[{"@type":"WebPage","@id":"https:\/\/doubleupnm.org\/es\/","url":"https:\/\/doubleupnm.org\/es\/","name":"Alimentos saludables para Nuevo M\u00e9xico y m\u00e1s negocios para los agricultores locales | DUFB New Mexico","isPartOf":{"@id":"https:\/\/doubleupnm.org\/es\/#website"},"primaryImageOfPage":{"@id":"https:\/\/doubleupnm.org\/es\/#primaryimage"},"image":{"@id":"https:\/\/doubleupnm.org\/es\/#primaryimage"},"thumbnailUrl":"https:\/\/doubleupnm.org\/wp-content\/uploads\/sites\/23\/2024\/08\/Double-Up-Food-Bucks-NEW-MEXICO-logo-IN-CIRCLE.png","datePublished":"2023-04-18T02:10:45+00:00","dateModified":"2023-04-20T18:29:25+00:00","description":"Use su tarjeta EBT en todo Nuevo M\u00e9xico para obtener m\u00e1s frutas y verduras con Double Up Food Bucks.","breadcrumb":{"@id":"https:\/\/doubleupnm.org\/es\/#breadcrumb"},"inLanguage":"es","potentialAction":[{"@type":"ReadAction","target":["https:\/\/doubleupnm.org\/es\/"]}]},{"@type":"ImageObject","inLanguage":"es","@id":"https:\/\/doubleupnm.org\/es\/#primaryimage","url":"https:\/\/doubleupnm.org\/wp-content\/uploads\/sites\/23\/2024\/08\/Double-Up-Food-Bucks-NEW-MEXICO-logo-IN-CIRCLE.png","contentUrl":"https:\/\/doubleupnm.org\/wp-content\/uploads\/sites\/23\/2024\/08\/Double-Up-Food-Bucks-NEW-MEXICO-logo-IN-CIRCLE.png","width":624,"height":624,"caption":"Double Up Food Bucks New Mexico logo"},{"@type":"BreadcrumbList","@id":"https:\/\/doubleupnm.org\/es\/#breadcrumb","itemListElement":[{"@type":"ListItem","position":1,"name":"Home","item":"https:\/\/doubleupnm.org\/es\/"},{"@type":"ListItem","position":2,"name":"P\u00e1gina principal"}]},{"@type":"WebSite","@id":"https:\/\/doubleupnm.org\/es\/#website","url":"https:\/\/doubleupnm.org\/es\/","name":"Double Up Food Bucks | New Mexico","description":"Get FREE fruits &amp; veggies with Double Up Food Bucks","potentialAction":[{"@type":"SearchAction","target":{"@type":"EntryPoint","urlTemplate":"https:\/\/doubleupnm.org\/es\/?s={search_term_string}"},"query-input":{"@type":"PropertyValueSpecification","valueRequired":true,"valueName":"search_term_string"}}],"inLanguage":"es"}]}},"_links":{"self":[{"href":"https:\/\/doubleupnm.org\/es\/wp-json\/wp\/v2\/pages\/3274","targetHints":{"allow":["GET"]}}],"collection":[{"href":"https:\/\/doubleupnm.org\/es\/wp-json\/wp\/v2\/pages"}],"about":[{"href":"https:\/\/doubleupnm.org\/es\/wp-json\/wp\/v2\/types\/page"}],"author":[{"embeddable":true,"href":"https:\/\/doubleupnm.org\/es\/wp-json\/wp\/v2\/users\/4"}],"replies":[{"embeddable":true,"href":"https:\/\/doubleupnm.org\/es\/wp-json\/wp\/v2\/comments?post=3274"}],"version-history":[{"count":0,"href":"https:\/\/doubleupnm.org\/es\/wp-json\/wp\/v2\/pages\/3274\/revisions"}],"wp:featuredmedia":[{"embeddable":true,"href":"https:\/\/doubleupnm.org\/es\/wp-json\/wp\/v2\/media\/7176"}],"wp:attachment":[{"href":"https:\/\/doubleupnm.org\/es\/wp-json\/wp\/v2\/media?parent=3274"}],"curies":[{"name":"wp","href":"https:\/\/api.w.org\/{rel}","templated":true}]}}