{"id":3279,"date":"2023-04-19T19:42:30","date_gmt":"2023-04-19T19:42:30","guid":{"rendered":"https:\/\/newmexico.doubleupfoodbucks.org\/recursos\/"},"modified":"2023-05-30T19:47:39","modified_gmt":"2023-05-30T19:47:39","slug":"recursos","status":"publish","type":"page","link":"https:\/\/doubleupnm.org\/es\/recursos\/","title":{"rendered":"Recursos"},"content":{"rendered":"\n<h1>\n\t\tRecursos\n\t<\/h1>\n\t\t\t\t<img decoding=\"async\" src=\"https:\/\/newmexico.doubleupfoodbucks.org\/wp-content\/uploads\/sites\/23\/2022\/01\/dufb-texas-lone-star.svg\" alt=\"\" \/>\n\t<p>Vea el listado a continuaci\u00f3n para una variedad de materiales promocionales que usted puede usar en su comunidad para ayudar a promover Double Up Food Bucks.<\/p>\n\t\t\t\t<img loading=\"lazy\" decoding=\"async\" src=\"https:\/\/newmexico.doubleupfoodbucks.org\/wp-content\/uploads\/sites\/23\/2020\/10\/arrow_down_white.svg\" alt=\"arrow_down_white\" height=\"32\" width=\"18\" title=\"arrow_down_white\" \/>\n\t\t\t\t<img loading=\"lazy\" decoding=\"async\" src=\"https:\/\/newmexico.doubleupfoodbucks.org\/wp-content\/uploads\/sites\/23\/2020\/11\/wave_bottom2.svg\" alt=\"wave_bottom2\" height=\"112\" width=\"1367\" title=\"wave_bottom2\" \/>\n<h2>\n\t\t\u00a1Ay\u00fadenos a correr la voz!\n\t<\/h2>\n\t<p>Vea el listado a continuaci\u00f3n para una variedad de materiales promocionales que usted puede usar en su comunidad para ayudar a promover Double Up Food Bucks.  Use Facebook, Instagram, y Twitter para correr la voz, agregue informaci\u00f3n de Double Up Food Bucks en sus boletines, y descargue e imprima materiales para distribuir en su comunidad. Por favor comparta los materiales promocionales con las organizaciones colaboradoras que sirven a las comunidades de escasos recursos. Y, recuerde siempre, \u00a1incluya un enlace a la p\u00e1gina de internet DoubleUpNM.org!<\/p>\n\t<ul>\n<li>Solicite <a href=\"https:\/\/www.doubleupnm.org\/resources\/#outreachmaterials\" target=\"_blank\" rel=\"noopener\">materiales promocionales<\/a> de la Asociaci\u00f3n de Mercados Agr\u00edcolas de Nuevo M\u00e9xico visitando la p\u00e1gina de internet <a href=\"https:\/\/mms.newmexicofma.org\/members\/store.php?orgcode=NMFM\" target=\"_blank\" rel=\"noopener\">aqu\u00ed<\/a>, o contact\u00e1ndonos directamente a nosotros.<\/li>\n<li><a href=\"#links\" target=\"_blank\" rel=\"noopener\">Comparta estos enlaces<\/a> con sus clientes y comunidad<\/li>\n<li><a href=\"#social-media\">Use estas pr\u00e1cticas plantillas para redes sociales<\/a> en sus publicaciones de Facebook, Instagram, y Twitter.<\/li>\n<li>Incluya un enlace hacia y comparta estos <a href=\"#radio\">anuncios de radio<\/a><\/li>\n<li><a href=\"#connect\">Con\u00e9ctese<\/a> con otros<\/li>\n<li><a href=\"https:\/\/newmexico.doubleupfoodbucks.org\/es\/recursos\/#social-media\" target=\"_blank\" rel=\"noopener\">Descargue el logotipo de Double Up Food Bucks<\/a> para incluirlo en sus materiales promocionales digitales e impresos<\/li>\n<li><a href=\"https:\/\/newmexico.doubleupfoodbucks.org\/es\/involucrese\/\">Vu\u00e9lvase un local participante de Double Up Food Bucks<\/a><\/li>\n<li><a href=\"mailto:slucero@farmersmarketsnm.org\">Env\u00edenos un correo electr\u00f3nico<\/a> para m\u00e1s informaci\u00f3n<\/li>\n<li><a href=\"https:\/\/newmexico.doubleupfoodbucks.org\/es\/involucrese\/#get-materials\">Descargue e imprima volantes y distrib\u00fayalos<\/a> en su comunidad<\/li>\n<\/ul>\n\t\t\t<a href=\"mailto:sthompson@farmersmarketsnm.org\" target=\"_self\" role=\"button\" rel=\"noopener\">\n\t\t\t\t\t\t\tCont\u00e1ctenos\n\t\t\t\t\t<\/a>\n<h2>\n\t\tMateriales promocionales \t\n\t<\/h2>\n\t<p>Solicite estos materiales impresos u otros materiales promocionales <a href=\"https:\/\/mms.newmexicofma.org\/members\/store.php?orgcode=NMFM\" target=\"_blank\" rel=\"noopener\">aqu\u00ed<\/a> o <a href=\"mailto:questions@farmersmarketsnm.org\">contact\u00e1ndonos directamente<\/a>.<\/p>\n<ul>\n<li>Folletos de Double Up Food Bucks para su regi\u00f3n<\/li>\n<li>Posters de Double Up Food Bucks en ingl\u00e9s<\/li>\n<li>Posters de Double Up Food Bucks en espa\u00f1ol<\/li>\n<li>Botones de Double Up Food Bucks en ingl\u00e9s<\/li>\n<li>Botones de Double Up Food Bucks en espa\u00f1ol<\/li>\n<li>Pegatinas (stickers) de Double Up Food Bucks<\/li>\n<li>Banderas de Double Up Food Bucks<\/li>\n<li>Delantales de Double Up Food Bucks<\/li>\n<\/ul>\n<h2>\n\t\tEnlaces para compartir \n\t<\/h2>\n\t<ul>\n<li><a href=\"https:\/\/www.facebook.com\/farmersmarketsnm\/videos\/10156228733368077\/\" target=\"_blank\" rel=\"noopener\">C\u00f3mo funciona Double Up Food Bucks &#8211; ingl\u00e9s<\/a><\/li>\n<li><a href=\"https:\/\/www.facebook.com\/farmersmarketsnm\/videos\/10156219674228077\/\" target=\"_blank\" rel=\"noopener\">C\u00f3mo funciona Double Up Food Bucks &#8211; espa\u00f1ol<\/a><\/li>\n<li><a href=\"https:\/\/www.facebook.com\/farmersmarketsnm\/videos\/10156112324768077\/\" target=\"_blank\" rel=\"noopener\">Historias de DUFB: La historia de Dahlia<\/a><\/li>\n<li><a href=\"https:\/\/www.facebook.com\/farmersmarketsnm\/videos\/10156112291093077\/\" target=\"_blank\" rel=\"noopener\">Historias de DUFB: La historia de Bill<\/a><\/li>\n<li><a href=\"https:\/\/www.facebook.com\/farmersmarketsnm\/videos\/10156112368078077\/\" target=\"_blank\" rel=\"noopener\">Historias de DUFB: La historia de Danny<\/a><\/li>\n<li><a href=\"https:\/\/www.facebook.com\/farmersmarketsnm\/videos\/10156093349263077\/\" target=\"_blank\" rel=\"noopener\">Historias de DUFB: La historia de Ana<\/a><\/li>\n<li><a href=\"https:\/\/www.facebook.com\/farmersmarketsnm\/videos\/10155961019568077\/\" target=\"_blank\" rel=\"noopener\">Los agricultores de Nuevo M\u00e9xico comparten su trabajo<\/a> con la Gobernadora Michelle Lujan Grisham (anteriormente, la Congresista Lujan Grisham)<\/li>\n<li><a href=\"https:\/\/www.facebook.com\/farmersmarketsnm\/\" target=\"_blank\" rel=\"noopener\">Mercados Agr\u00edcolas de Nuevo M\u00e9xico en Facebook<\/a><\/li>\n<li><a href=\"https:\/\/www.facebook.com\/DoubleUpNM\" target=\"_blank\" rel=\"noopener\">Double Up Food Bucks de Nuevo M\u00e9xico en Facebook<\/a><\/li>\n<\/ul>\n<h2>\n\t\tLas redes sociales\n\t<\/h2>\n\t<p>\u00a1Use estas pr\u00e1cticas plantillas para sus publicaciones en redes sociales!<\/p>\n<ul>\n<li><a href=\"\/wp-content\/uploads\/sites\/23\/2022\/11\/DUFB-Social-Media-Verbiage-1.docx\" target=\"_blank\" rel=\"noopener\">Corte y pegue este texto<\/a> en sus publicaciones de Facebook, Twitter, e Instagram<\/li>\n<li><a href=\"\/wp-content\/uploads\/sites\/23\/2022\/11\/DUFB-Facebook-1-scaled.jpg\" target=\"_blank\" rel=\"noopener\">Descargue esta imagen para hacer promoci\u00f3n en Facebook<\/a> <\/li>\n<li><a href=\"\/wp-content\/uploads\/sites\/23\/2022\/11\/DUFB-Twitter-Image-1-scaled.jpg\" target=\"_blank\" rel=\"noopener\">Descargue esta imagen para hacer promoci\u00f3n en Twitter<\/a> <\/li>\n<li><a href=\"\/wp-content\/uploads\/sites\/23\/2022\/11\/DUFB_Instagram-1-scaled.jpg\" target=\"_blank\" rel=\"noopener\">Descargue esta imagen para hacer promoci\u00f3n en Instagram o Facebook<\/a><\/li>\n<\/ul>\n<h2>\n\t\tComparta anuncios de radio\n\t<\/h2>\n\t<p>Anuncios de radio del 2022<\/p>\n<ul>\n<li><a href=\"\/wp-content\/uploads\/sites\/23\/2022\/11\/DUFB_2022_Sample.mp3\" target=\"_blank\" rel=\"noopener\">Ingl\u00e9s<\/a><\/li>\n<li><a href=\"\/wp-content\/uploads\/sites\/23\/2022\/11\/AGM.SPANISH-LANG.-.mp3\" target=\"_blank\" rel=\"noopener\">Espa\u00f1ol<\/a><\/li>\n<li><a href=\"\/wp-content\/uploads\/sites\/23\/2022\/11\/DUFB-Navajo.mp3\" target=\"_blank\" rel=\"noopener\">Navajo<\/a><\/li>\n<\/ul>\n<p>Si usted est\u00e1 buscando los anuncios regionales de radio, <a href=\"mailto:questions@farmersmarketsnm.org\">cont\u00e1ctenos aqu\u00ed<\/a>.<\/p>\n<h2>\n\t\t\u00a1Con\u00e9ctese con otros! \n\t<\/h2>\n\t<p>Visite nuestra p\u00e1gina de Colaboradores y Patrocinadores para ver qui\u00e9n m\u00e1s est\u00e1 apoyando al programa Double Up en Nuevo M\u00e9xico. Si usted quisiera conectarse con otras organizaciones o le gustar\u00eda solicitar otros recursos, asistencia t\u00e9cnica, o tiene preguntas acerca de Double Up Food Bucks, por favor <a href=\"mailto:questions@farmersmarketsnm.org\">cont\u00e1ctenos<\/a>.<\/p>\n<h2>\n\t\tDouble Up Food Bucks y el Fair Food Network \n\t<\/h2>\n\t<p>\u00bfDesea obtener m\u00e1s informaci\u00f3n acerca de Double Up Food Bucks a nivel nacional? Revise a profundidad el informe de cinco a\u00f1os de Fair Food Network para ver c\u00f3mo el programa ha crecido de un peque\u00f1o plan piloto en cinco Mercados Agr\u00edcolas de Detroit a un esfuerzo en todo el Estado de Michigan.<\/p>\n<ul>\n<li><a href=\"https:\/\/fairfoodnetwork.org\/resources\/michigan-double-up-2021-overview\/\" target=\"_blank\" rel=\"noopener\">Vistazo general de Double Up Michigan en el 2021: C\u00f3mo el programa de incentivos de alimentaci\u00f3n de Michigan ha beneficiado a familias, agricultores y econom\u00edas locales &#8211; y c\u00f3mo puede ser replicado a nivel nacional.<\/a><\/li>\n<li><a href=\"https:\/\/fairfoodnetwork.org\/wp-content\/uploads\/2021\/06\/FFN_DUFB_National-Overview_2021_June-FINAL.pdf\" target=\"_blank\" rel=\"noopener\">\u00bfQu\u00e9 est\u00e1 haciendo Double Up a nivel nacional?<\/a><\/li>\n<li><a href=\"https:\/\/fairfoodnetwork.org\/wp-content\/uploads\/2016\/09\/FFN_Double-Up_Report_Hunger_digital.pdf\" target=\"_blank\" rel=\"noopener\">Informe de Double Up sobre el hambre<\/a><\/li>\n<\/ul>\n<h2>\n\t\tMercados Agr\u00edcolas, puestos en granjas y supermercados\n\t<\/h2>\n\t<p>\u00bfEst\u00e1 usted interesado en volverse un mercado de Double Up Food Bucks? Consulte la p\u00e1gina de Invol\u00facrese y despu\u00e9s env\u00edenos un <a href=\"mailto:questions@farmersmarketsnm.org\">correo electr\u00f3nico<\/a> con sus preguntas. El primer paso es asegurarse que su mercado acepta beneficios de SNAP-EBT Card, y que ofrece un m\u00ednimo de seis (6) art\u00edculos alimenticios elegibles de Double Up a lo largo del a\u00f1o (o durante la temporada de su mercado). Consulte la p\u00e1gina de internet de USDA para conocer c\u00f3mo pueden los supermercados aplicar para SNAP en cualquier momento<\/p>\n\n","protected":false},"excerpt":{"rendered":"<p>Recursos Vea el listado a continuaci\u00f3n para una variedad de materiales promocionales que usted puede usar en su comunidad para ayudar a promover Double Up Food Bucks. \u00a1Ay\u00fadenos a correr la voz! Vea el listado a continuaci\u00f3n para una variedad de materiales promocionales que usted puede usar en su comunidad para ayudar a promover Double&hellip;<\/p>\n","protected":false},"author":8,"featured_media":3025,"parent":0,"menu_order":0,"comment_status":"closed","ping_status":"closed","template":"","meta":{"_acf_changed":false,"inline_featured_image":false,"footnotes":""},"class_list":["post-3279","page","type-page","status-publish","has-post-thumbnail","hentry"],"acf":[],"yoast_head":"<!-- This site is optimized with the Yoast SEO plugin v27.3 - https:\/\/yoast.com\/product\/yoast-seo-wordpress\/ -->\n<title>Recursos | DUFB Nuevo M\u00e9xico<\/title>\n<meta name=\"description\" content=\"Vea el listado a continuaci\u00f3n para una variedad de materiales promocionales que usted puede usar en su comunidad para ayudar a promover Double Up.\" \/>\n<meta name=\"robots\" content=\"index, follow, max-snippet:-1, max-image-preview:large, max-video-preview:-1\" \/>\n<link rel=\"canonical\" href=\"https:\/\/doubleupnm.org\/es\/recursos\/\" \/>\n<meta property=\"og:locale\" content=\"es_ES\" \/>\n<meta property=\"og:type\" content=\"article\" \/>\n<meta property=\"og:title\" content=\"Recursos | DUFB Nuevo M\u00e9xico\" \/>\n<meta property=\"og:description\" content=\"Vea el listado a continuaci\u00f3n para una variedad de materiales promocionales que usted puede usar en su comunidad para ayudar a promover Double Up.\" \/>\n<meta property=\"og:url\" content=\"https:\/\/doubleupnm.org\/es\/recursos\/\" \/>\n<meta property=\"og:site_name\" content=\"Double Up Food Bucks | New Mexico\" \/>\n<meta property=\"article:modified_time\" content=\"2023-05-30T19:47:39+00:00\" \/>\n<meta property=\"og:image\" content=\"https:\/\/doubleupnm.org\/wp-content\/uploads\/sites\/23\/2022\/11\/Cids-NMFMA\u00a9GabriellaMarksPhoto-22_HIW_Grocery.jpg\" \/>\n\t<meta property=\"og:image:width\" content=\"1200\" \/>\n\t<meta property=\"og:image:height\" content=\"900\" \/>\n\t<meta property=\"og:image:type\" content=\"image\/jpeg\" \/>\n<meta name=\"twitter:card\" content=\"summary_large_image\" \/>\n<meta name=\"twitter:label1\" content=\"Tiempo de lectura\" \/>\n\t<meta name=\"twitter:data1\" content=\"4 minutos\" \/>\n<script type=\"application\/ld+json\" class=\"yoast-schema-graph\">{\"@context\":\"https:\\\/\\\/schema.org\",\"@graph\":[{\"@type\":\"WebPage\",\"@id\":\"https:\\\/\\\/doubleupnm.org\\\/es\\\/recursos\\\/\",\"url\":\"https:\\\/\\\/doubleupnm.org\\\/es\\\/recursos\\\/\",\"name\":\"Recursos | DUFB Nuevo M\u00e9xico\",\"isPartOf\":{\"@id\":\"https:\\\/\\\/doubleupnm.org\\\/es\\\/#website\"},\"primaryImageOfPage\":{\"@id\":\"https:\\\/\\\/doubleupnm.org\\\/es\\\/recursos\\\/#primaryimage\"},\"image\":{\"@id\":\"https:\\\/\\\/doubleupnm.org\\\/es\\\/recursos\\\/#primaryimage\"},\"thumbnailUrl\":\"https:\\\/\\\/doubleupnm.org\\\/wp-content\\\/uploads\\\/sites\\\/23\\\/2022\\\/11\\\/Cids-NMFMA\u00a9GabriellaMarksPhoto-22_HIW_Grocery.jpg\",\"datePublished\":\"2023-04-19T19:42:30+00:00\",\"dateModified\":\"2023-05-30T19:47:39+00:00\",\"description\":\"Vea el listado a continuaci\u00f3n para una variedad de materiales promocionales que usted puede usar en su comunidad para ayudar a promover Double Up.\",\"breadcrumb\":{\"@id\":\"https:\\\/\\\/doubleupnm.org\\\/es\\\/recursos\\\/#breadcrumb\"},\"inLanguage\":\"es\",\"potentialAction\":[{\"@type\":\"ReadAction\",\"target\":[\"https:\\\/\\\/doubleupnm.org\\\/es\\\/recursos\\\/\"]}]},{\"@type\":\"ImageObject\",\"inLanguage\":\"es\",\"@id\":\"https:\\\/\\\/doubleupnm.org\\\/es\\\/recursos\\\/#primaryimage\",\"url\":\"https:\\\/\\\/doubleupnm.org\\\/wp-content\\\/uploads\\\/sites\\\/23\\\/2022\\\/11\\\/Cids-NMFMA\u00a9GabriellaMarksPhoto-22_HIW_Grocery.jpg\",\"contentUrl\":\"https:\\\/\\\/doubleupnm.org\\\/wp-content\\\/uploads\\\/sites\\\/23\\\/2022\\\/11\\\/Cids-NMFMA\u00a9GabriellaMarksPhoto-22_HIW_Grocery.jpg\",\"width\":1200,\"height\":900,\"caption\":\"A refrigerated shelf at a grocery store with green onions, peppers and radishes and a Double Up Food Bucks sign that notifies customers that the program is accepted at this location\"},{\"@type\":\"BreadcrumbList\",\"@id\":\"https:\\\/\\\/doubleupnm.org\\\/es\\\/recursos\\\/#breadcrumb\",\"itemListElement\":[{\"@type\":\"ListItem\",\"position\":1,\"name\":\"Home\",\"item\":\"https:\\\/\\\/doubleupnm.org\\\/es\\\/\"},{\"@type\":\"ListItem\",\"position\":2,\"name\":\"Recursos\"}]},{\"@type\":\"WebSite\",\"@id\":\"https:\\\/\\\/doubleupnm.org\\\/es\\\/#website\",\"url\":\"https:\\\/\\\/doubleupnm.org\\\/es\\\/\",\"name\":\"Double Up Food Bucks | New Mexico\",\"description\":\"Get FREE fruits &amp; veggies with Double Up Food Bucks\",\"potentialAction\":[{\"@type\":\"SearchAction\",\"target\":{\"@type\":\"EntryPoint\",\"urlTemplate\":\"https:\\\/\\\/doubleupnm.org\\\/es\\\/?s={search_term_string}\"},\"query-input\":{\"@type\":\"PropertyValueSpecification\",\"valueRequired\":true,\"valueName\":\"search_term_string\"}}],\"inLanguage\":\"es\"}]}<\/script>\n<!-- \/ Yoast SEO plugin. -->","yoast_head_json":{"title":"Recursos | DUFB Nuevo M\u00e9xico","description":"Vea el listado a continuaci\u00f3n para una variedad de materiales promocionales que usted puede usar en su comunidad para ayudar a promover Double Up.","robots":{"index":"index","follow":"follow","max-snippet":"max-snippet:-1","max-image-preview":"max-image-preview:large","max-video-preview":"max-video-preview:-1"},"canonical":"https:\/\/doubleupnm.org\/es\/recursos\/","og_locale":"es_ES","og_type":"article","og_title":"Recursos | DUFB Nuevo M\u00e9xico","og_description":"Vea el listado a continuaci\u00f3n para una variedad de materiales promocionales que usted puede usar en su comunidad para ayudar a promover Double Up.","og_url":"https:\/\/doubleupnm.org\/es\/recursos\/","og_site_name":"Double Up Food Bucks | New Mexico","article_modified_time":"2023-05-30T19:47:39+00:00","og_image":[{"width":1200,"height":900,"url":"https:\/\/doubleupnm.org\/wp-content\/uploads\/sites\/23\/2022\/11\/Cids-NMFMA\u00a9GabriellaMarksPhoto-22_HIW_Grocery.jpg","type":"image\/jpeg"}],"twitter_card":"summary_large_image","twitter_misc":{"Tiempo de lectura":"4 minutos"},"schema":{"@context":"https:\/\/schema.org","@graph":[{"@type":"WebPage","@id":"https:\/\/doubleupnm.org\/es\/recursos\/","url":"https:\/\/doubleupnm.org\/es\/recursos\/","name":"Recursos | DUFB Nuevo M\u00e9xico","isPartOf":{"@id":"https:\/\/doubleupnm.org\/es\/#website"},"primaryImageOfPage":{"@id":"https:\/\/doubleupnm.org\/es\/recursos\/#primaryimage"},"image":{"@id":"https:\/\/doubleupnm.org\/es\/recursos\/#primaryimage"},"thumbnailUrl":"https:\/\/doubleupnm.org\/wp-content\/uploads\/sites\/23\/2022\/11\/Cids-NMFMA\u00a9GabriellaMarksPhoto-22_HIW_Grocery.jpg","datePublished":"2023-04-19T19:42:30+00:00","dateModified":"2023-05-30T19:47:39+00:00","description":"Vea el listado a continuaci\u00f3n para una variedad de materiales promocionales que usted puede usar en su comunidad para ayudar a promover Double Up.","breadcrumb":{"@id":"https:\/\/doubleupnm.org\/es\/recursos\/#breadcrumb"},"inLanguage":"es","potentialAction":[{"@type":"ReadAction","target":["https:\/\/doubleupnm.org\/es\/recursos\/"]}]},{"@type":"ImageObject","inLanguage":"es","@id":"https:\/\/doubleupnm.org\/es\/recursos\/#primaryimage","url":"https:\/\/doubleupnm.org\/wp-content\/uploads\/sites\/23\/2022\/11\/Cids-NMFMA\u00a9GabriellaMarksPhoto-22_HIW_Grocery.jpg","contentUrl":"https:\/\/doubleupnm.org\/wp-content\/uploads\/sites\/23\/2022\/11\/Cids-NMFMA\u00a9GabriellaMarksPhoto-22_HIW_Grocery.jpg","width":1200,"height":900,"caption":"A refrigerated shelf at a grocery store with green onions, peppers and radishes and a Double Up Food Bucks sign that notifies customers that the program is accepted at this location"},{"@type":"BreadcrumbList","@id":"https:\/\/doubleupnm.org\/es\/recursos\/#breadcrumb","itemListElement":[{"@type":"ListItem","position":1,"name":"Home","item":"https:\/\/doubleupnm.org\/es\/"},{"@type":"ListItem","position":2,"name":"Recursos"}]},{"@type":"WebSite","@id":"https:\/\/doubleupnm.org\/es\/#website","url":"https:\/\/doubleupnm.org\/es\/","name":"Double Up Food Bucks | New Mexico","description":"Get FREE fruits &amp; veggies with Double Up Food Bucks","potentialAction":[{"@type":"SearchAction","target":{"@type":"EntryPoint","urlTemplate":"https:\/\/doubleupnm.org\/es\/?s={search_term_string}"},"query-input":{"@type":"PropertyValueSpecification","valueRequired":true,"valueName":"search_term_string"}}],"inLanguage":"es"}]}},"_links":{"self":[{"href":"https:\/\/doubleupnm.org\/es\/wp-json\/wp\/v2\/pages\/3279","targetHints":{"allow":["GET"]}}],"collection":[{"href":"https:\/\/doubleupnm.org\/es\/wp-json\/wp\/v2\/pages"}],"about":[{"href":"https:\/\/doubleupnm.org\/es\/wp-json\/wp\/v2\/types\/page"}],"author":[{"embeddable":true,"href":"https:\/\/doubleupnm.org\/es\/wp-json\/wp\/v2\/users\/8"}],"replies":[{"embeddable":true,"href":"https:\/\/doubleupnm.org\/es\/wp-json\/wp\/v2\/comments?post=3279"}],"version-history":[{"count":0,"href":"https:\/\/doubleupnm.org\/es\/wp-json\/wp\/v2\/pages\/3279\/revisions"}],"wp:featuredmedia":[{"embeddable":true,"href":"https:\/\/doubleupnm.org\/es\/wp-json\/wp\/v2\/media\/3025"}],"wp:attachment":[{"href":"https:\/\/doubleupnm.org\/es\/wp-json\/wp\/v2\/media?parent=3279"}],"curies":[{"name":"wp","href":"https:\/\/api.w.org\/{rel}","templated":true}]}}